{"id":25,"date":"2022-06-17T15:31:52","date_gmt":"2022-06-17T13:31:52","guid":{"rendered":"http:\/\/matejki17.insel-apartamenty.pl\/?page_id=25"},"modified":"2022-06-26T15:58:45","modified_gmt":"2022-06-26T13:58:45","slug":"o-nas","status":"publish","type":"page","link":"https:\/\/matejki17.insel-apartamenty.pl\/","title":{"rendered":"Apartament Matejki 17\/9"},"content":{"rendered":"\t\t<div data-elementor-type=\"wp-page\" data-elementor-id=\"25\" class=\"elementor elementor-25\">\n\t\t\t\t\t\t<section class=\"elementor-section elementor-top-section elementor-element elementor-element-b004ed9 elementor-section-boxed elementor-section-height-default elementor-section-height-default\" data-id=\"b004ed9\" data-element_type=\"section\" data-e-type=\"section\">\n\t\t\t\t\t\t<div class=\"elementor-container elementor-column-gap-default\">\n\t\t\t\t\t<div class=\"elementor-column elementor-col-100 elementor-top-column elementor-element elementor-element-02a9c4d\" data-id=\"02a9c4d\" data-element_type=\"column\" data-e-type=\"column\">\n\t\t\t<div class=\"elementor-widget-wrap elementor-element-populated\">\n\t\t\t\t\t\t<div class=\"elementor-element elementor-element-f7490a7 elementor-widget elementor-widget-heading\" data-id=\"f7490a7\" data-element_type=\"widget\" data-e-type=\"widget\" data-widget_type=\"heading.default\">\n\t\t\t\t<div class=\"elementor-widget-container\">\n\t\t\t\t\t<h2 class=\"elementor-heading-title elementor-size-default\"><br>\nApartament Matejki 17\/9<br>\n<br><\/h2>\t\t\t\t<\/div>\n\t\t\t\t<\/div>\n\t\t\t\t\t<\/div>\n\t\t<\/div>\n\t\t\t\t\t<\/div>\n\t\t<\/section>\n\t\t\t\t<section class=\"elementor-section elementor-top-section elementor-element elementor-element-863ed77 elementor-section-boxed elementor-section-height-default elementor-section-height-default\" data-id=\"863ed77\" data-element_type=\"section\" data-e-type=\"section\">\n\t\t\t\t\t\t<div class=\"elementor-container elementor-column-gap-default\">\n\t\t\t\t\t<div class=\"elementor-column elementor-col-66 elementor-top-column elementor-element elementor-element-f4ec99c\" data-id=\"f4ec99c\" data-element_type=\"column\" data-e-type=\"column\">\n\t\t\t<div class=\"elementor-widget-wrap elementor-element-populated\">\n\t\t\t\t\t\t<div class=\"elementor-element elementor-element-215f903 elementor-widget elementor-widget-text-editor\" data-id=\"215f903\" data-element_type=\"widget\" data-e-type=\"widget\" data-widget_type=\"text-editor.default\">\n\t\t\t\t<div class=\"elementor-widget-container\">\n\t\t\t\t\t\t\t\t\t<p><b>O Nas<br><\/b>Apartament znajduje si\u0119 w \u015awinouj\u015bciu przy ul. Matejki 17 na skraju parku oraz dzielnicy nadmorskiej. Budynek w kt\u00f3rym znajduje si\u0119 Apartament po\u0142o\u017cony jest w niewielkiej odleg\u0142o\u015bci od promenady, pla\u017cy, amfiteatru i centrum miasta. Lokalizacja sprawia, \u017ce jest to wspania\u0142a propozycja dla ludzi pragn\u0105cych odpocz\u0105\u0107 w ciszy, a jednocze\u015bnie mog\u0105cych szybko znale\u017a\u0107 si\u0119 na pla\u017cy lub w centrum miasta. Wybieraj\u0105c pobyt w naszym Apartamencie od pla\u017cy i promenady dzieli ci\u0119 12 min spaceru (1 km), a do centrum miasta dostaniesz si\u0119 w nieca\u0142e 10 min (700 m). Budynek wyposa\u017cony jest w wind\u0119 a do Apartamentu przynale\u017cy miejsce parkingowe w pe\u0142ni do dyspozycji go\u015bci.<br>Apartament zlokalizowany jest na pierwszym pi\u0119trze i jest zupe\u0142nie samodzielny. Na 29 metrach kwadratowych znajduje si\u0119 aneks kuchenny, strefa dzienna z rozk\u0142adan\u0105 kanap\u0105, telewizorem i sto\u0142em jadalnianym oraz strefa sypialniana z pojemn\u0105 szaf\u0105 i wygodnym \u0142\u00f3\u017ckiem kontynentalnym o szeroko\u015bci 140 cm. Apartament wyposa\u017cony jest te\u017c w balkon z miejscami do siedzenia oraz stolikiem.<\/p><p><br><b>W apartamencie do dyspozycji go\u015bci znajduje si\u0119:<\/b><br><ul><li>w pe\u0142ni wyposa\u017cony aneks kuchenny<\/li><li>\u0142azienka z WC i prysznicem<\/li><li>suszarka do w\u0142os\u00f3w<\/li><li>po\u015bciel<\/li><li>r\u0119czniki<\/li><li>odkurzacz, mop<\/li><li>lod\u00f3wka<\/li><li>zmywarka<\/li><li>pralka<\/li><li>\u017celazko, deska do prasowania<\/li><li>suszarka do ubra\u0144<\/li><\/ul><\/p>\t\t\t\t\t\t\t\t<\/div>\n\t\t\t\t<\/div>\n\t\t\t\t\t<\/div>\n\t\t<\/div>\n\t\t\t\t<div class=\"elementor-column elementor-col-33 elementor-top-column elementor-element elementor-element-09406ef\" data-id=\"09406ef\" data-element_type=\"column\" data-e-type=\"column\">\n\t\t\t<div class=\"elementor-widget-wrap elementor-element-populated\">\n\t\t\t\t\t\t<div class=\"elementor-element elementor-element-d5ee843 elementor-widget elementor-widget-image\" data-id=\"d5ee843\" data-element_type=\"widget\" data-e-type=\"widget\" data-widget_type=\"image.default\">\n\t\t\t\t<div class=\"elementor-widget-container\">\n\t\t\t\t\t\t\t\t\t\t\t\t\t\t\t<img fetchpriority=\"high\" decoding=\"async\" width=\"750\" height=\"1001\" src=\"https:\/\/matejki17.insel-apartamenty.pl\/wp-content\/uploads\/2022\/06\/IMG_20210618_154710-Kopia-767x1024.jpg\" class=\"attachment-large size-large wp-image-120\" alt=\"\" srcset=\"https:\/\/matejki17.insel-apartamenty.pl\/wp-content\/uploads\/2022\/06\/IMG_20210618_154710-Kopia-767x1024.jpg 767w, https:\/\/matejki17.insel-apartamenty.pl\/wp-content\/uploads\/2022\/06\/IMG_20210618_154710-Kopia-225x300.jpg 225w, https:\/\/matejki17.insel-apartamenty.pl\/wp-content\/uploads\/2022\/06\/IMG_20210618_154710-Kopia-768x1026.jpg 768w, https:\/\/matejki17.insel-apartamenty.pl\/wp-content\/uploads\/2022\/06\/IMG_20210618_154710-Kopia-1150x1536.jpg 1150w, https:\/\/matejki17.insel-apartamenty.pl\/wp-content\/uploads\/2022\/06\/IMG_20210618_154710-Kopia.jpg 1216w\" sizes=\"(max-width: 750px) 100vw, 750px\" \/>\t\t\t\t\t\t\t\t\t\t\t\t\t\t\t<\/div>\n\t\t\t\t<\/div>\n\t\t\t\t\t<\/div>\n\t\t<\/div>\n\t\t\t\t\t<\/div>\n\t\t<\/section>\n\t\t\t\t<\/div>\n\t\t","protected":false},"excerpt":{"rendered":"<p>Apartament Matejki 17\/9 O NasApartament znajduje si\u0119 w \u015awinouj\u015bciu przy ul. Matejki 17 na skraju parku oraz dzielnicy nadmorskiej. Budynek w kt\u00f3rym znajduje si\u0119 Apartament po\u0142o\u017cony jest w niewielkiej odleg\u0142o\u015bci od promenady, pla\u017cy, amfiteatru i centrum miasta. Lokalizacja sprawia, \u017ce jest to wspania\u0142a propozycja dla ludzi pragn\u0105cych odpocz\u0105\u0107 w ciszy, [&hellip;]<\/p>\n","protected":false},"author":1,"featured_media":0,"parent":0,"menu_order":0,"comment_status":"closed","ping_status":"closed","template":"elementor_header_footer","meta":{"footnotes":""},"class_list":["post-25","page","type-page","status-publish","hentry"],"_links":{"self":[{"href":"https:\/\/matejki17.insel-apartamenty.pl\/index.php?rest_route=\/wp\/v2\/pages\/25","targetHints":{"allow":["GET"]}}],"collection":[{"href":"https:\/\/matejki17.insel-apartamenty.pl\/index.php?rest_route=\/wp\/v2\/pages"}],"about":[{"href":"https:\/\/matejki17.insel-apartamenty.pl\/index.php?rest_route=\/wp\/v2\/types\/page"}],"author":[{"embeddable":true,"href":"https:\/\/matejki17.insel-apartamenty.pl\/index.php?rest_route=\/wp\/v2\/users\/1"}],"replies":[{"embeddable":true,"href":"https:\/\/matejki17.insel-apartamenty.pl\/index.php?rest_route=%2Fwp%2Fv2%2Fcomments&post=25"}],"version-history":[{"count":41,"href":"https:\/\/matejki17.insel-apartamenty.pl\/index.php?rest_route=\/wp\/v2\/pages\/25\/revisions"}],"predecessor-version":[{"id":123,"href":"https:\/\/matejki17.insel-apartamenty.pl\/index.php?rest_route=\/wp\/v2\/pages\/25\/revisions\/123"}],"wp:attachment":[{"href":"https:\/\/matejki17.insel-apartamenty.pl\/index.php?rest_route=%2Fwp%2Fv2%2Fmedia&parent=25"}],"curies":[{"name":"wp","href":"https:\/\/api.w.org\/{rel}","templated":true}]}}